{"id":326,"date":"2020-07-02T21:25:09","date_gmt":"2020-07-02T18:25:09","guid":{"rendered":"https:\/\/hotelsimsek.com.tr\/restoran-cafe-bar\/"},"modified":"2020-07-11T17:22:25","modified_gmt":"2020-07-11T14:22:25","slug":"restaurant-cafe-bar","status":"publish","type":"page","link":"https:\/\/hotelsimsek.com.tr\/en\/restaurant-cafe-bar\/","title":{"rendered":"Restaurant Cafe Bar"},"content":{"rendered":"<div id='full_slider_1'  class='avia-fullwidth-slider main_color avia-shadow   avia-builder-el-0  el_before_av_one_fourth  avia-builder-el-first   container_wrap sidebar_right'  ><div  class='avia-slideshow av-kc52avws-2401a92d97e671c618d71f30cfa48432 avia-slideshow-featured av_slideshow_full avia-slide-slider av-slideshow-ui av-control-default av-slideshow-manual av-loop-once av-loop-manual-endless av-default-height-applied   avia-slideshow-1' data-slideshow-options=\"{&quot;animation&quot;:&quot;slide&quot;,&quot;autoplay&quot;:false,&quot;loop_autoplay&quot;:&quot;once&quot;,&quot;interval&quot;:5,&quot;loop_manual&quot;:&quot;manual-endless&quot;,&quot;autoplay_stopper&quot;:false,&quot;noNavigation&quot;:false,&quot;bg_slider&quot;:false,&quot;keep_padding&quot;:false,&quot;hoverpause&quot;:false,&quot;show_slide_delay&quot;:0}\"  itemprop=\"image\" itemscope=\"itemscope\" itemtype=\"https:\/\/schema.org\/ImageObject\" ><ul class='avia-slideshow-inner ' style='padding-bottom: 34.565916398714%;'><li  class='avia-slideshow-slide av-kc52avws-2401a92d97e671c618d71f30cfa48432__0  av-single-slide slide-1 slide-odd'><div data-rel='slideshow-1' class='avia-slide-wrap '   ><img decoding=\"async\" fetchpriority=\"high\" class=\"wp-image-258 avia-img-lazy-loading-not-258\"  src=\"https:\/\/hotelsimsek.com.tr\/wp-content\/uploads\/2020\/07\/hotel-simsek-67-1244x430.jpg\" width=\"1244\" height=\"430\" title='Hotel \u015eim\u015fek Edirne Restaurant' alt='Hotel \u015eim\u015fek Edirne Restaurant'  itemprop=\"thumbnailUrl\"   \/><\/div><\/li><\/ul><\/div><\/div><div id='after_full_slider_1'  class='main_color av_default_container_wrap container_wrap sidebar_right'  ><div class='container av-section-cont-open' ><div class='template-page content  av-content-small alpha units'><div class='post-entry post-entry-type-page post-entry-326'><div class='entry-content-wrapper clearfix'>\n\n<style type=\"text\/css\" data-created_by=\"avia_inline_auto\" id=\"style-css-av-61wt1-044f65ed09ce0b7e951e9e27204e8399\">\n.flex_column.av-61wt1-044f65ed09ce0b7e951e9e27204e8399{\nborder-radius:0px 0px 0px 0px;\npadding:0px 0px 0px 0px;\n}\n<\/style>\n<div  class='flex_column av-61wt1-044f65ed09ce0b7e951e9e27204e8399 av_one_fourth  avia-builder-el-1  el_after_av_slideshow_full  el_before_av_three_fourth  avia-builder-el-first  first flex_column_div av-zero-column-padding  '     ><\/div>\n\n<style type=\"text\/css\" data-created_by=\"avia_inline_auto\" id=\"style-css-av-k8lp-8b187a5b96f6d70950073216cd0bf423\">\n.flex_column.av-k8lp-8b187a5b96f6d70950073216cd0bf423{\nborder-radius:0px 0px 0px 0px;\npadding:0px 0px 0px 0px;\n}\n<\/style>\n<div  class='flex_column av-k8lp-8b187a5b96f6d70950073216cd0bf423 av_three_fourth  avia-builder-el-2  el_after_av_one_fourth  avia-builder-el-last  flex_column_div av-zero-column-padding  '     ><style type=\"text\/css\" data-created_by=\"avia_inline_auto\" id=\"style-css-av-kc52c20l-b0e13e11659ebb980ff74077461f95eb\">\n#top .av_textblock_section.av-kc52c20l-b0e13e11659ebb980ff74077461f95eb .avia_textblock{\nfont-size:18px;\n}\n<\/style>\n<section  class='av_textblock_section av-kc52c20l-b0e13e11659ebb980ff74077461f95eb '   itemscope=\"itemscope\" itemtype=\"https:\/\/schema.org\/CreativeWork\" ><div class='avia_textblock'  itemprop=\"text\" ><blockquote>\n<p><strong>Unique flavors meet joy and fun<\/strong><\/p>\n<\/blockquote>\n<p>Rich menus produced by creative skills of gourmet chefs are presented to the liking of the guests at the Hotel \u015eim\u015fek restaurant. Traditional Edirne cuisine as well as different palates of flavors turn into a feast at the elegant ambiance.<\/p>\n<p>Hotel \u015eim\u015fek Restaurant hosts its guests with various alternatives such as appetizers, home food, sea food and diet options. The lobby-bar of the hotel is the must to go place for the ones who want to start the day in joy or to relieve from the tiredness of the day.<\/p>\n<p>An elegant environment for congress, meetings and invites<\/p>\n<\/div><\/section><br \/>\n\n<style type=\"text\/css\" data-created_by=\"avia_inline_auto\" id=\"style-css-av-kc53kuys-4f1a713b1c38c68f0c62928a13551036\">\n#top .hr.hr-invisible.av-kc53kuys-4f1a713b1c38c68f0c62928a13551036{\nheight:50px;\n}\n<\/style>\n<div  class='hr av-kc53kuys-4f1a713b1c38c68f0c62928a13551036 hr-invisible  avia-builder-el-4  el_after_av_textblock  el_before_av_masonry_gallery  avia-builder-el-last '><span class='hr-inner '><span class=\"hr-inner-style\"><\/span><\/span><\/div><br \/>\n<div id='av-masonry-1' class='av-masonry av-kc53inyx-cf159334a99f0821199ad14832ff1078 noHover av-fixed-size av-large-gap av-hover-overlay-active av-masonry-animation-active av-masonry-col-4 av-caption-always av-caption-style- av-masonry-gallery av-orientation-square ' data-post_id=\"326\"><div class=\"av-masonry-container isotope av-js-disabled\"><div class='av-masonry-entry isotope-item av-masonry-item-no-image '><\/div><a href=\"https:\/\/hotelsimsek.com.tr\/wp-content\/uploads\/2020\/07\/hotel-simsek-68-1-1030x686.jpg\" data-srcset=\"https:\/\/hotelsimsek.com.tr\/wp-content\/uploads\/2020\/07\/hotel-simsek-68-1-1030x686.jpg 1030w, https:\/\/hotelsimsek.com.tr\/wp-content\/uploads\/2020\/07\/hotel-simsek-68-1-300x200.jpg 300w, https:\/\/hotelsimsek.com.tr\/wp-content\/uploads\/2020\/07\/hotel-simsek-68-1-768x512.jpg 768w, https:\/\/hotelsimsek.com.tr\/wp-content\/uploads\/2020\/07\/hotel-simsek-68-1-705x470.jpg 705w, https:\/\/hotelsimsek.com.tr\/wp-content\/uploads\/2020\/07\/hotel-simsek-68-1.jpg 1244w\" data-sizes=\"(max-width: 1030px) 100vw, 1030px\"  aria-label=\"image Hotel \u015eim\u015fek Edirne Restaurant\"  id='av-masonry-1-item-260' data-av-masonry-item='260' class='av-masonry-entry isotope-item post-260 attachment type-attachment status-inherit hentry  av-masonry-item-with-image' title=\"Hotel \u015eim\u015fek Edirne Restaurant\" alt=\"Hotel \u015eim\u015fek Edirne Restaurant\"    itemprop=\"thumbnailUrl\" ><div class='av-inner-masonry-sizer'><\/div><figure class='av-inner-masonry main_color'><div class=\"av-masonry-outerimage-container\"><div class='av-masonry-image-container' style=\"background-image: url(https:\/\/hotelsimsek.com.tr\/wp-content\/uploads\/2020\/07\/hotel-simsek-68-1-705x470.jpg);\"  title=\"Hotel \u015eim\u015fek Edirne Restaurant\" ><\/div><\/div><\/figure><\/a><!--end av-masonry entry--><a href=\"https:\/\/hotelsimsek.com.tr\/wp-content\/uploads\/2020\/07\/hotel-simsek-restoran-1030x580.jpg\" data-srcset=\"https:\/\/hotelsimsek.com.tr\/wp-content\/uploads\/2020\/07\/hotel-simsek-restoran-1030x580.jpg 1030w, https:\/\/hotelsimsek.com.tr\/wp-content\/uploads\/2020\/07\/hotel-simsek-restoran-300x169.jpg 300w, https:\/\/hotelsimsek.com.tr\/wp-content\/uploads\/2020\/07\/hotel-simsek-restoran-768x432.jpg 768w, https:\/\/hotelsimsek.com.tr\/wp-content\/uploads\/2020\/07\/hotel-simsek-restoran-705x397.jpg 705w, https:\/\/hotelsimsek.com.tr\/wp-content\/uploads\/2020\/07\/hotel-simsek-restoran.jpg 1500w\" data-sizes=\"(max-width: 1030px) 100vw, 1030px\"  aria-label=\"image Hotel \u015eim\u015fek Edirne Restaurant\"  id='av-masonry-1-item-263' data-av-masonry-item='263' class='av-masonry-entry isotope-item post-263 attachment type-attachment status-inherit hentry  av-masonry-item-with-image' title=\"Hotel \u015eim\u015fek Edirne Restaurant\" alt=\"Hotel \u015eim\u015fek Edirne Restaurant\"    itemprop=\"thumbnailUrl\" ><div class='av-inner-masonry-sizer'><\/div><figure class='av-inner-masonry main_color'><div class=\"av-masonry-outerimage-container\"><div class='av-masonry-image-container' style=\"background-image: url(https:\/\/hotelsimsek.com.tr\/wp-content\/uploads\/2020\/07\/hotel-simsek-restoran-705x397.jpg);\"  title=\"Hotel \u015eim\u015fek Edirne Restaurant\" ><\/div><\/div><\/figure><\/a><!--end av-masonry entry--><a href=\"https:\/\/hotelsimsek.com.tr\/wp-content\/uploads\/2020\/07\/hotel-simsek-27-1030x686.jpg\" data-srcset=\"https:\/\/hotelsimsek.com.tr\/wp-content\/uploads\/2020\/07\/hotel-simsek-27-1030x686.jpg 1030w, https:\/\/hotelsimsek.com.tr\/wp-content\/uploads\/2020\/07\/hotel-simsek-27-300x200.jpg 300w, https:\/\/hotelsimsek.com.tr\/wp-content\/uploads\/2020\/07\/hotel-simsek-27-768x512.jpg 768w, https:\/\/hotelsimsek.com.tr\/wp-content\/uploads\/2020\/07\/hotel-simsek-27-705x470.jpg 705w, https:\/\/hotelsimsek.com.tr\/wp-content\/uploads\/2020\/07\/hotel-simsek-27.jpg 1244w\" data-sizes=\"(max-width: 1030px) 100vw, 1030px\"  aria-label=\"image Hotel \u015eim\u015fek Edirne Restaurant\"  id='av-masonry-1-item-259' data-av-masonry-item='259' class='av-masonry-entry isotope-item post-259 attachment type-attachment status-inherit hentry  av-masonry-item-with-image' title=\"Hotel \u015eim\u015fek Edirne Restaurant\" alt=\"Hotel \u015eim\u015fek Edirne Restaurant\"    itemprop=\"thumbnailUrl\" ><div class='av-inner-masonry-sizer'><\/div><figure class='av-inner-masonry main_color'><div class=\"av-masonry-outerimage-container\"><div class='av-masonry-image-container' style=\"background-image: url(https:\/\/hotelsimsek.com.tr\/wp-content\/uploads\/2020\/07\/hotel-simsek-27-705x470.jpg);\"  title=\"Hotel \u015eim\u015fek Edirne Restaurant\" ><\/div><\/div><\/figure><\/a><!--end av-masonry entry--><a href=\"https:\/\/hotelsimsek.com.tr\/wp-content\/uploads\/2020\/07\/hotel-simsek-bar.jpg\" data-srcset=\"https:\/\/hotelsimsek.com.tr\/wp-content\/uploads\/2020\/07\/hotel-simsek-bar.jpg 900w, https:\/\/hotelsimsek.com.tr\/wp-content\/uploads\/2020\/07\/hotel-simsek-bar-300x206.jpg 300w, https:\/\/hotelsimsek.com.tr\/wp-content\/uploads\/2020\/07\/hotel-simsek-bar-768x527.jpg 768w, https:\/\/hotelsimsek.com.tr\/wp-content\/uploads\/2020\/07\/hotel-simsek-bar-705x483.jpg 705w\" data-sizes=\"(max-width: 900px) 100vw, 900px\"  aria-label=\"image Hotel \u015eim\u015fek Edirne Restaurant Cafe Bar\"  id='av-masonry-1-item-262' data-av-masonry-item='262' class='av-masonry-entry isotope-item post-262 attachment type-attachment status-inherit hentry  av-masonry-item-with-image' title=\"Hotel \u015eim\u015fek Edirne Restaurant Cafe Bar\" alt=\"Hotel \u015eim\u015fek Edirne Restaurant Cafe Bar\"    itemprop=\"thumbnailUrl\" ><div class='av-inner-masonry-sizer'><\/div><figure class='av-inner-masonry main_color'><div class=\"av-masonry-outerimage-container\"><div class='av-masonry-image-container' style=\"background-image: url(https:\/\/hotelsimsek.com.tr\/wp-content\/uploads\/2020\/07\/hotel-simsek-bar-705x483.jpg);\"  title=\"Hotel \u015eim\u015fek Edirne Restaurant Cafe Bar\" ><\/div><\/div><\/figure><\/a><!--end av-masonry entry--><a href=\"https:\/\/hotelsimsek.com.tr\/wp-content\/uploads\/2020\/07\/hotel-simsek-bahce-13.jpg\" data-srcset=\"https:\/\/hotelsimsek.com.tr\/wp-content\/uploads\/2020\/07\/hotel-simsek-bahce-13.jpg 900w, https:\/\/hotelsimsek.com.tr\/wp-content\/uploads\/2020\/07\/hotel-simsek-bahce-13-300x200.jpg 300w, https:\/\/hotelsimsek.com.tr\/wp-content\/uploads\/2020\/07\/hotel-simsek-bahce-13-768x512.jpg 768w, https:\/\/hotelsimsek.com.tr\/wp-content\/uploads\/2020\/07\/hotel-simsek-bahce-13-705x470.jpg 705w\" data-sizes=\"(max-width: 900px) 100vw, 900px\"  aria-label=\"image Hotel \u015eim\u015fek Edirne Garden\"  id='av-masonry-1-item-266' data-av-masonry-item='266' class='av-masonry-entry isotope-item post-266 attachment type-attachment status-inherit hentry  av-masonry-item-with-image' title=\"Hotel \u015eim\u015fek Edirne Garden\" alt=\"Hotel \u015eim\u015fek Edirne Garden\"    itemprop=\"thumbnailUrl\" ><div class='av-inner-masonry-sizer'><\/div><figure class='av-inner-masonry main_color'><div class=\"av-masonry-outerimage-container\"><div class='av-masonry-image-container' style=\"background-image: url(https:\/\/hotelsimsek.com.tr\/wp-content\/uploads\/2020\/07\/hotel-simsek-bahce-13-705x470.jpg);\"  title=\"Hotel \u015eim\u015fek Edirne Garden\" ><\/div><\/div><\/figure><\/a><!--end av-masonry entry--><a href=\"https:\/\/hotelsimsek.com.tr\/wp-content\/uploads\/2020\/07\/hotel-simsek-kahvalti.jpg\" data-srcset=\"https:\/\/hotelsimsek.com.tr\/wp-content\/uploads\/2020\/07\/hotel-simsek-kahvalti.jpg 900w, https:\/\/hotelsimsek.com.tr\/wp-content\/uploads\/2020\/07\/hotel-simsek-kahvalti-300x200.jpg 300w, https:\/\/hotelsimsek.com.tr\/wp-content\/uploads\/2020\/07\/hotel-simsek-kahvalti-768x512.jpg 768w, https:\/\/hotelsimsek.com.tr\/wp-content\/uploads\/2020\/07\/hotel-simsek-kahvalti-705x470.jpg 705w\" data-sizes=\"(max-width: 900px) 100vw, 900px\"  aria-label=\"image Hotel \u015eim\u015fek Edirne Restaurant Cafe Bar Breakfast\"  id='av-masonry-1-item-261' data-av-masonry-item='261' class='av-masonry-entry isotope-item post-261 attachment type-attachment status-inherit hentry  av-masonry-item-with-image' title=\"Hotel \u015eim\u015fek Edirne Restaurant Cafe Bar Breakfast\" alt=\"Hotel \u015eim\u015fek Edirne Restaurant Cafe Bar Breakfast\"    itemprop=\"thumbnailUrl\" ><div class='av-inner-masonry-sizer'><\/div><figure class='av-inner-masonry main_color'><div class=\"av-masonry-outerimage-container\"><div class='av-masonry-image-container' style=\"background-image: url(https:\/\/hotelsimsek.com.tr\/wp-content\/uploads\/2020\/07\/hotel-simsek-kahvalti-705x470.jpg);\"  title=\"Hotel \u015eim\u015fek Edirne Restaurant Cafe Bar Breakfast\" ><\/div><\/div><\/figure><\/a><!--end av-masonry entry--><a href=\"https:\/\/hotelsimsek.com.tr\/wp-content\/uploads\/2020\/07\/hotel-simsek-bahce-03.jpg\" data-srcset=\"https:\/\/hotelsimsek.com.tr\/wp-content\/uploads\/2020\/07\/hotel-simsek-bahce-03.jpg 900w, https:\/\/hotelsimsek.com.tr\/wp-content\/uploads\/2020\/07\/hotel-simsek-bahce-03-300x200.jpg 300w, https:\/\/hotelsimsek.com.tr\/wp-content\/uploads\/2020\/07\/hotel-simsek-bahce-03-768x512.jpg 768w, https:\/\/hotelsimsek.com.tr\/wp-content\/uploads\/2020\/07\/hotel-simsek-bahce-03-705x470.jpg 705w\" data-sizes=\"(max-width: 900px) 100vw, 900px\"  aria-label=\"image Hotel \u015eim\u015fek Edirne Garden\"  id='av-masonry-1-item-264' data-av-masonry-item='264' class='av-masonry-entry isotope-item post-264 attachment type-attachment status-inherit hentry  av-masonry-item-with-image' title=\"Hotel \u015eim\u015fek Edirne Garden\" alt=\"Hotel \u015eim\u015fek Edirne Garden\"    itemprop=\"thumbnailUrl\" ><div class='av-inner-masonry-sizer'><\/div><figure class='av-inner-masonry main_color'><div class=\"av-masonry-outerimage-container\"><div class='av-masonry-image-container' style=\"background-image: url(https:\/\/hotelsimsek.com.tr\/wp-content\/uploads\/2020\/07\/hotel-simsek-bahce-03-705x470.jpg);\"  title=\"Hotel \u015eim\u015fek Edirne Garden\" ><\/div><\/div><\/figure><\/a><!--end av-masonry entry--><a href=\"https:\/\/hotelsimsek.com.tr\/wp-content\/uploads\/2020\/07\/hotel-simsek-bahce-06.jpg\" data-srcset=\"https:\/\/hotelsimsek.com.tr\/wp-content\/uploads\/2020\/07\/hotel-simsek-bahce-06.jpg 900w, https:\/\/hotelsimsek.com.tr\/wp-content\/uploads\/2020\/07\/hotel-simsek-bahce-06-300x200.jpg 300w, https:\/\/hotelsimsek.com.tr\/wp-content\/uploads\/2020\/07\/hotel-simsek-bahce-06-768x512.jpg 768w, https:\/\/hotelsimsek.com.tr\/wp-content\/uploads\/2020\/07\/hotel-simsek-bahce-06-705x470.jpg 705w\" data-sizes=\"(max-width: 900px) 100vw, 900px\"  aria-label=\"image Hotel \u015eim\u015fek Edirne Garden\"  id='av-masonry-1-item-265' data-av-masonry-item='265' class='av-masonry-entry isotope-item post-265 attachment type-attachment status-inherit hentry  av-masonry-item-with-image' title=\"Hotel \u015eim\u015fek Edirne Garden\" alt=\"Hotel \u015eim\u015fek Edirne Garden\"    itemprop=\"thumbnailUrl\" ><div class='av-inner-masonry-sizer'><\/div><figure class='av-inner-masonry main_color'><div class=\"av-masonry-outerimage-container\"><div class='av-masonry-image-container' style=\"background-image: url(https:\/\/hotelsimsek.com.tr\/wp-content\/uploads\/2020\/07\/hotel-simsek-bahce-06-705x470.jpg);\"  title=\"Hotel \u015eim\u015fek Edirne Garden\" ><\/div><\/div><\/figure><\/a><!--end av-masonry entry--><\/div><\/div><\/p><\/div>\n","protected":false},"excerpt":{"rendered":"","protected":false},"author":1,"featured_media":0,"parent":0,"menu_order":0,"comment_status":"closed","ping_status":"closed","template":"","meta":{"footnotes":""},"class_list":["post-326","page","type-page","status-publish","hentry"],"yoast_head":"<!-- This site is optimized with the Yoast SEO plugin v26.9 - https:\/\/yoast.com\/product\/yoast-seo-wordpress\/ -->\n<title>Restaurant Cafe Bar &#8211; Hotel \u015eim\u015fek<\/title>\n<meta name=\"robots\" content=\"index, follow, max-snippet:-1, max-image-preview:large, max-video-preview:-1\" \/>\n<link rel=\"canonical\" href=\"https:\/\/hotelsimsek.com.tr\/en\/restaurant-cafe-bar\/\" \/>\n<meta property=\"og:locale\" content=\"en_US\" \/>\n<meta property=\"og:type\" content=\"article\" \/>\n<meta property=\"og:title\" content=\"Restaurant Cafe Bar &#8211; Hotel \u015eim\u015fek\" \/>\n<meta property=\"og:url\" content=\"https:\/\/hotelsimsek.com.tr\/en\/restaurant-cafe-bar\/\" \/>\n<meta property=\"og:site_name\" content=\"Hotel \u015eim\u015fek\" \/>\n<meta property=\"article:publisher\" content=\"https:\/\/www.facebook.com\/hotelsimsektr\" \/>\n<meta property=\"article:modified_time\" content=\"2020-07-11T14:22:25+00:00\" \/>\n<meta name=\"twitter:card\" content=\"summary_large_image\" \/>\n<meta name=\"twitter:label1\" content=\"Est. reading time\" \/>\n\t<meta name=\"twitter:data1\" content=\"3 minutes\" \/>\n<script type=\"application\/ld+json\" class=\"yoast-schema-graph\">{\"@context\":\"https:\/\/schema.org\",\"@graph\":[{\"@type\":\"WebPage\",\"@id\":\"https:\/\/hotelsimsek.com.tr\/en\/restaurant-cafe-bar\/\",\"url\":\"https:\/\/hotelsimsek.com.tr\/en\/restaurant-cafe-bar\/\",\"name\":\"Restaurant Cafe Bar &#8211; Hotel \u015eim\u015fek\",\"isPartOf\":{\"@id\":\"https:\/\/hotelsimsek.com.tr\/en\/#website\"},\"datePublished\":\"2020-07-02T18:25:09+00:00\",\"dateModified\":\"2020-07-11T14:22:25+00:00\",\"breadcrumb\":{\"@id\":\"https:\/\/hotelsimsek.com.tr\/en\/restaurant-cafe-bar\/#breadcrumb\"},\"inLanguage\":\"en-US\",\"potentialAction\":[{\"@type\":\"ReadAction\",\"target\":[\"https:\/\/hotelsimsek.com.tr\/en\/restaurant-cafe-bar\/\"]}]},{\"@type\":\"BreadcrumbList\",\"@id\":\"https:\/\/hotelsimsek.com.tr\/en\/restaurant-cafe-bar\/#breadcrumb\",\"itemListElement\":[{\"@type\":\"ListItem\",\"position\":1,\"name\":\"Home\",\"item\":\"https:\/\/hotelsimsek.com.tr\/en\/\"},{\"@type\":\"ListItem\",\"position\":2,\"name\":\"Restaurant Cafe Bar\"}]},{\"@type\":\"WebSite\",\"@id\":\"https:\/\/hotelsimsek.com.tr\/en\/#website\",\"url\":\"https:\/\/hotelsimsek.com.tr\/en\/\",\"name\":\"Hotel \u015eim\u015fek\",\"description\":\"\u0130\u00e7inde Edirne Var\",\"publisher\":{\"@id\":\"https:\/\/hotelsimsek.com.tr\/en\/#organization\"},\"potentialAction\":[{\"@type\":\"SearchAction\",\"target\":{\"@type\":\"EntryPoint\",\"urlTemplate\":\"https:\/\/hotelsimsek.com.tr\/en\/?s={search_term_string}\"},\"query-input\":{\"@type\":\"PropertyValueSpecification\",\"valueRequired\":true,\"valueName\":\"search_term_string\"}}],\"inLanguage\":\"en-US\"},{\"@type\":\"Organization\",\"@id\":\"https:\/\/hotelsimsek.com.tr\/en\/#organization\",\"name\":\"Hotel \u015eim\u015fek\",\"url\":\"https:\/\/hotelsimsek.com.tr\/en\/\",\"logo\":{\"@type\":\"ImageObject\",\"inLanguage\":\"en-US\",\"@id\":\"https:\/\/hotelsimsek.com.tr\/en\/#\/schema\/logo\/image\/\",\"url\":\"https:\/\/hotelsimsek.com.tr\/wp-content\/uploads\/2020\/06\/Hotel-Simsek-logo.png\",\"contentUrl\":\"https:\/\/hotelsimsek.com.tr\/wp-content\/uploads\/2020\/06\/Hotel-Simsek-logo.png\",\"width\":400,\"height\":235,\"caption\":\"Hotel \u015eim\u015fek\"},\"image\":{\"@id\":\"https:\/\/hotelsimsek.com.tr\/en\/#\/schema\/logo\/image\/\"},\"sameAs\":[\"https:\/\/www.facebook.com\/hotelsimsektr\"]}]}<\/script>\n<!-- \/ Yoast SEO plugin. -->","yoast_head_json":{"title":"Restaurant Cafe Bar &#8211; Hotel \u015eim\u015fek","robots":{"index":"index","follow":"follow","max-snippet":"max-snippet:-1","max-image-preview":"max-image-preview:large","max-video-preview":"max-video-preview:-1"},"canonical":"https:\/\/hotelsimsek.com.tr\/en\/restaurant-cafe-bar\/","og_locale":"en_US","og_type":"article","og_title":"Restaurant Cafe Bar &#8211; Hotel \u015eim\u015fek","og_url":"https:\/\/hotelsimsek.com.tr\/en\/restaurant-cafe-bar\/","og_site_name":"Hotel \u015eim\u015fek","article_publisher":"https:\/\/www.facebook.com\/hotelsimsektr","article_modified_time":"2020-07-11T14:22:25+00:00","twitter_card":"summary_large_image","twitter_misc":{"Est. reading time":"3 minutes"},"schema":{"@context":"https:\/\/schema.org","@graph":[{"@type":"WebPage","@id":"https:\/\/hotelsimsek.com.tr\/en\/restaurant-cafe-bar\/","url":"https:\/\/hotelsimsek.com.tr\/en\/restaurant-cafe-bar\/","name":"Restaurant Cafe Bar &#8211; Hotel \u015eim\u015fek","isPartOf":{"@id":"https:\/\/hotelsimsek.com.tr\/en\/#website"},"datePublished":"2020-07-02T18:25:09+00:00","dateModified":"2020-07-11T14:22:25+00:00","breadcrumb":{"@id":"https:\/\/hotelsimsek.com.tr\/en\/restaurant-cafe-bar\/#breadcrumb"},"inLanguage":"en-US","potentialAction":[{"@type":"ReadAction","target":["https:\/\/hotelsimsek.com.tr\/en\/restaurant-cafe-bar\/"]}]},{"@type":"BreadcrumbList","@id":"https:\/\/hotelsimsek.com.tr\/en\/restaurant-cafe-bar\/#breadcrumb","itemListElement":[{"@type":"ListItem","position":1,"name":"Home","item":"https:\/\/hotelsimsek.com.tr\/en\/"},{"@type":"ListItem","position":2,"name":"Restaurant Cafe Bar"}]},{"@type":"WebSite","@id":"https:\/\/hotelsimsek.com.tr\/en\/#website","url":"https:\/\/hotelsimsek.com.tr\/en\/","name":"Hotel \u015eim\u015fek","description":"\u0130\u00e7inde Edirne Var","publisher":{"@id":"https:\/\/hotelsimsek.com.tr\/en\/#organization"},"potentialAction":[{"@type":"SearchAction","target":{"@type":"EntryPoint","urlTemplate":"https:\/\/hotelsimsek.com.tr\/en\/?s={search_term_string}"},"query-input":{"@type":"PropertyValueSpecification","valueRequired":true,"valueName":"search_term_string"}}],"inLanguage":"en-US"},{"@type":"Organization","@id":"https:\/\/hotelsimsek.com.tr\/en\/#organization","name":"Hotel \u015eim\u015fek","url":"https:\/\/hotelsimsek.com.tr\/en\/","logo":{"@type":"ImageObject","inLanguage":"en-US","@id":"https:\/\/hotelsimsek.com.tr\/en\/#\/schema\/logo\/image\/","url":"https:\/\/hotelsimsek.com.tr\/wp-content\/uploads\/2020\/06\/Hotel-Simsek-logo.png","contentUrl":"https:\/\/hotelsimsek.com.tr\/wp-content\/uploads\/2020\/06\/Hotel-Simsek-logo.png","width":400,"height":235,"caption":"Hotel \u015eim\u015fek"},"image":{"@id":"https:\/\/hotelsimsek.com.tr\/en\/#\/schema\/logo\/image\/"},"sameAs":["https:\/\/www.facebook.com\/hotelsimsektr"]}]}},"_links":{"self":[{"href":"https:\/\/hotelsimsek.com.tr\/en\/wp-json\/wp\/v2\/pages\/326","targetHints":{"allow":["GET"]}}],"collection":[{"href":"https:\/\/hotelsimsek.com.tr\/en\/wp-json\/wp\/v2\/pages"}],"about":[{"href":"https:\/\/hotelsimsek.com.tr\/en\/wp-json\/wp\/v2\/types\/page"}],"author":[{"embeddable":true,"href":"https:\/\/hotelsimsek.com.tr\/en\/wp-json\/wp\/v2\/users\/1"}],"replies":[{"embeddable":true,"href":"https:\/\/hotelsimsek.com.tr\/en\/wp-json\/wp\/v2\/comments?post=326"}],"version-history":[{"count":4,"href":"https:\/\/hotelsimsek.com.tr\/en\/wp-json\/wp\/v2\/pages\/326\/revisions"}],"predecessor-version":[{"id":336,"href":"https:\/\/hotelsimsek.com.tr\/en\/wp-json\/wp\/v2\/pages\/326\/revisions\/336"}],"wp:attachment":[{"href":"https:\/\/hotelsimsek.com.tr\/en\/wp-json\/wp\/v2\/media?parent=326"}],"curies":[{"name":"wp","href":"https:\/\/api.w.org\/{rel}","templated":true}]}}