{"id":337,"date":"2020-07-03T17:44:03","date_gmt":"2020-07-03T14:44:03","guid":{"rendered":"https:\/\/hotelsimsek.com.tr\/iletisim\/"},"modified":"2025-02-22T19:16:49","modified_gmt":"2025-02-22T16:16:49","slug":"contact","status":"publish","type":"page","link":"https:\/\/hotelsimsek.com.tr\/en\/contact\/","title":{"rendered":"Contact"},"content":{"rendered":"\n\n<style type=\"text\/css\" data-created_by=\"avia_inline_auto\" id=\"style-css-av-corsx-1ec56f25e82690ff16903e71b3d1ee81\">\n.flex_column.av-corsx-1ec56f25e82690ff16903e71b3d1ee81{\nborder-radius:0px 0px 0px 0px;\npadding:0px 0px 0px 0px;\n}\n<\/style>\n<div  class='flex_column av-corsx-1ec56f25e82690ff16903e71b3d1ee81 av_one_half  avia-builder-el-1  el_after_av_codeblock  el_before_av_one_half  first flex_column_div av-zero-column-padding  '     ><style type=\"text\/css\" data-created_by=\"avia_inline_auto\" id=\"style-css-av-kc6bzy9d-98adce600e0ccd9edceb1cc95ff56469\">\n.avia-image-container.av-kc6bzy9d-98adce600e0ccd9edceb1cc95ff56469 img.avia_image{\nbox-shadow:none;\n}\n.avia-image-container.av-kc6bzy9d-98adce600e0ccd9edceb1cc95ff56469 .av-image-caption-overlay-center{\ncolor:#ffffff;\n}\n<\/style>\n<div  class='avia-image-container av-kc6bzy9d-98adce600e0ccd9edceb1cc95ff56469 av-styling- avia-align-center  avia-builder-el-2  avia-builder-el-no-sibling '   itemprop=\"image\" itemscope=\"itemscope\" itemtype=\"https:\/\/schema.org\/ImageObject\" ><div class=\"avia-image-container-inner\"><div class=\"avia-image-overlay-wrap\"><img decoding=\"async\" fetchpriority=\"high\" class='wp-image-452 avia-img-lazy-loading-not-452 avia_image ' src=\"https:\/\/hotelsimsek.com.tr\/wp-content\/uploads\/2025\/02\/Bina-gece-1.jpg\" alt='Hotel \u015eim\u015fek Edirne' title='Hotel \u015eim\u015fek Edirne'  height=\"799\" width=\"1200\"  itemprop=\"thumbnailUrl\" srcset=\"https:\/\/hotelsimsek.com.tr\/wp-content\/uploads\/2025\/02\/Bina-gece-1.jpg 1200w, https:\/\/hotelsimsek.com.tr\/wp-content\/uploads\/2025\/02\/Bina-gece-1-300x200.jpg 300w, https:\/\/hotelsimsek.com.tr\/wp-content\/uploads\/2025\/02\/Bina-gece-1-1030x686.jpg 1030w, https:\/\/hotelsimsek.com.tr\/wp-content\/uploads\/2025\/02\/Bina-gece-1-768x511.jpg 768w, https:\/\/hotelsimsek.com.tr\/wp-content\/uploads\/2025\/02\/Bina-gece-1-705x469.jpg 705w\" sizes=\"(max-width: 1200px) 100vw, 1200px\" \/><\/div><\/div><\/div><\/div>\n<style type=\"text\/css\" data-created_by=\"avia_inline_auto\" id=\"style-css-av-a20jd-5147afebcd15a7def59773c49a240e86\">\n.flex_column.av-a20jd-5147afebcd15a7def59773c49a240e86{\nborder-radius:0px 0px 0px 0px;\npadding:0px 0px 0px 0px;\n}\n<\/style>\n<div  class='flex_column av-a20jd-5147afebcd15a7def59773c49a240e86 av_one_half  avia-builder-el-3  el_after_av_one_half  avia-builder-el-last  flex_column_div av-zero-column-padding  '     ><p><section  class='av_textblock_section av-ks7keyu4-4bf38b7990081a6156224256cadee85d '   itemscope=\"itemscope\" itemtype=\"https:\/\/schema.org\/CreativeWork\" ><div class='avia_textblock'  itemprop=\"text\" ><p><strong>YOUR HOME IN ED\u0130RNE<\/strong><br \/>\nD100 Karayolu<br \/>\nT\u0131p Fak\u00fcltesi Kar\u015f\u0131s\u0131 Edirne<br \/>\nTel: +90 (284) 236 60 00 (6 line)<br \/>\nFax: 90 (284) 236 60 06<br \/>\nMobil: +90 (532) 472 88 73<\/p>\n<\/div><\/section><br \/>\n<article  class='iconbox iconbox_left av-kc6f9ypp-880c00a73c32292393b20693f57a002c  avia-builder-el-5  el_after_av_textblock  el_before_av_icon_box '  itemscope=\"itemscope\" itemtype=\"https:\/\/schema.org\/CreativeWork\" ><div class=\"iconbox_content\"><header class=\"entry-content-header\" aria-label=\"Icon: FACEBOOK\"><div class='iconbox_icon heading-color avia-iconfont avia-font-entypo-fontello' data-av_icon='\ue8f5' data-av_iconfont='entypo-fontello' title=\"FACEBOOK\" desc=\"FACEBOOK\" ><\/div><h3 class='iconbox_content_title '  itemprop=\"headline\" ><a href='http:\/facebook.com\/hotelsimsektr' title='FACEBOOK'  >FACEBOOK<\/a><\/h3><\/header><div class='iconbox_content_container '  itemprop=\"text\" ><p>Follow Hotel \u015eim\u015fek<\/p>\n<\/div><\/div><footer class=\"entry-footer\"><\/footer><\/article><br \/>\n<article  class='iconbox iconbox_left av-kc6fclsy-be4f74c2722d49d93b62095e7c5bfac7  avia-builder-el-6  el_after_av_icon_box  avia-builder-el-last '  itemscope=\"itemscope\" itemtype=\"https:\/\/schema.org\/CreativeWork\" ><div class=\"iconbox_content\"><header class=\"entry-content-header\" aria-label=\"Icon: INSTAGRAM\"><div class='iconbox_icon heading-color avia-iconfont avia-font-entypo-fontello' data-av_icon='\ue909' data-av_iconfont='entypo-fontello' title=\"INSTAGRAM\" desc=\"INSTAGRAM\" ><\/div><h3 class='iconbox_content_title '  itemprop=\"headline\" ><a href='http:\/\/instagram.com\/hotelsimsekedirne' title='INSTAGRAM'  >INSTAGRAM<\/a><\/h3><\/header><div class='iconbox_content_container '  itemprop=\"text\" ><p>Follow Hotel \u015eim\u015fek<\/p>\n<\/div><\/div><footer class=\"entry-footer\"><\/footer><\/article><\/p><\/div><\/p>\n","protected":false},"excerpt":{"rendered":"","protected":false},"author":1,"featured_media":0,"parent":0,"menu_order":0,"comment_status":"closed","ping_status":"closed","template":"","meta":{"footnotes":""},"class_list":["post-337","page","type-page","status-publish","hentry"],"yoast_head":"<!-- This site is optimized with the Yoast SEO plugin v26.9 - https:\/\/yoast.com\/product\/yoast-seo-wordpress\/ -->\n<title>Contact &#8211; Hotel \u015eim\u015fek<\/title>\n<meta name=\"robots\" content=\"index, follow, max-snippet:-1, max-image-preview:large, max-video-preview:-1\" \/>\n<link rel=\"canonical\" href=\"https:\/\/hotelsimsek.com.tr\/en\/contact\/\" \/>\n<meta property=\"og:locale\" content=\"en_US\" \/>\n<meta property=\"og:type\" content=\"article\" \/>\n<meta property=\"og:title\" content=\"Contact &#8211; Hotel \u015eim\u015fek\" \/>\n<meta property=\"og:url\" content=\"https:\/\/hotelsimsek.com.tr\/en\/contact\/\" \/>\n<meta property=\"og:site_name\" content=\"Hotel \u015eim\u015fek\" \/>\n<meta property=\"article:publisher\" content=\"https:\/\/www.facebook.com\/hotelsimsektr\" \/>\n<meta property=\"article:modified_time\" content=\"2025-02-22T16:16:49+00:00\" \/>\n<meta name=\"twitter:card\" content=\"summary_large_image\" \/>\n<meta name=\"twitter:label1\" content=\"Est. reading time\" \/>\n\t<meta name=\"twitter:data1\" content=\"2 minutes\" \/>\n<script type=\"application\/ld+json\" class=\"yoast-schema-graph\">{\"@context\":\"https:\/\/schema.org\",\"@graph\":[{\"@type\":\"WebPage\",\"@id\":\"https:\/\/hotelsimsek.com.tr\/en\/contact\/\",\"url\":\"https:\/\/hotelsimsek.com.tr\/en\/contact\/\",\"name\":\"Contact &#8211; Hotel \u015eim\u015fek\",\"isPartOf\":{\"@id\":\"https:\/\/hotelsimsek.com.tr\/en\/#website\"},\"datePublished\":\"2020-07-03T14:44:03+00:00\",\"dateModified\":\"2025-02-22T16:16:49+00:00\",\"breadcrumb\":{\"@id\":\"https:\/\/hotelsimsek.com.tr\/en\/contact\/#breadcrumb\"},\"inLanguage\":\"en-US\",\"potentialAction\":[{\"@type\":\"ReadAction\",\"target\":[\"https:\/\/hotelsimsek.com.tr\/en\/contact\/\"]}]},{\"@type\":\"BreadcrumbList\",\"@id\":\"https:\/\/hotelsimsek.com.tr\/en\/contact\/#breadcrumb\",\"itemListElement\":[{\"@type\":\"ListItem\",\"position\":1,\"name\":\"Home\",\"item\":\"https:\/\/hotelsimsek.com.tr\/en\/\"},{\"@type\":\"ListItem\",\"position\":2,\"name\":\"Contact\"}]},{\"@type\":\"WebSite\",\"@id\":\"https:\/\/hotelsimsek.com.tr\/en\/#website\",\"url\":\"https:\/\/hotelsimsek.com.tr\/en\/\",\"name\":\"Hotel \u015eim\u015fek\",\"description\":\"\u0130\u00e7inde Edirne Var\",\"publisher\":{\"@id\":\"https:\/\/hotelsimsek.com.tr\/en\/#organization\"},\"potentialAction\":[{\"@type\":\"SearchAction\",\"target\":{\"@type\":\"EntryPoint\",\"urlTemplate\":\"https:\/\/hotelsimsek.com.tr\/en\/?s={search_term_string}\"},\"query-input\":{\"@type\":\"PropertyValueSpecification\",\"valueRequired\":true,\"valueName\":\"search_term_string\"}}],\"inLanguage\":\"en-US\"},{\"@type\":\"Organization\",\"@id\":\"https:\/\/hotelsimsek.com.tr\/en\/#organization\",\"name\":\"Hotel \u015eim\u015fek\",\"url\":\"https:\/\/hotelsimsek.com.tr\/en\/\",\"logo\":{\"@type\":\"ImageObject\",\"inLanguage\":\"en-US\",\"@id\":\"https:\/\/hotelsimsek.com.tr\/en\/#\/schema\/logo\/image\/\",\"url\":\"https:\/\/hotelsimsek.com.tr\/wp-content\/uploads\/2020\/06\/Hotel-Simsek-logo.png\",\"contentUrl\":\"https:\/\/hotelsimsek.com.tr\/wp-content\/uploads\/2020\/06\/Hotel-Simsek-logo.png\",\"width\":400,\"height\":235,\"caption\":\"Hotel \u015eim\u015fek\"},\"image\":{\"@id\":\"https:\/\/hotelsimsek.com.tr\/en\/#\/schema\/logo\/image\/\"},\"sameAs\":[\"https:\/\/www.facebook.com\/hotelsimsektr\"]}]}<\/script>\n<!-- \/ Yoast SEO plugin. -->","yoast_head_json":{"title":"Contact &#8211; Hotel \u015eim\u015fek","robots":{"index":"index","follow":"follow","max-snippet":"max-snippet:-1","max-image-preview":"max-image-preview:large","max-video-preview":"max-video-preview:-1"},"canonical":"https:\/\/hotelsimsek.com.tr\/en\/contact\/","og_locale":"en_US","og_type":"article","og_title":"Contact &#8211; Hotel \u015eim\u015fek","og_url":"https:\/\/hotelsimsek.com.tr\/en\/contact\/","og_site_name":"Hotel \u015eim\u015fek","article_publisher":"https:\/\/www.facebook.com\/hotelsimsektr","article_modified_time":"2025-02-22T16:16:49+00:00","twitter_card":"summary_large_image","twitter_misc":{"Est. reading time":"2 minutes"},"schema":{"@context":"https:\/\/schema.org","@graph":[{"@type":"WebPage","@id":"https:\/\/hotelsimsek.com.tr\/en\/contact\/","url":"https:\/\/hotelsimsek.com.tr\/en\/contact\/","name":"Contact &#8211; Hotel \u015eim\u015fek","isPartOf":{"@id":"https:\/\/hotelsimsek.com.tr\/en\/#website"},"datePublished":"2020-07-03T14:44:03+00:00","dateModified":"2025-02-22T16:16:49+00:00","breadcrumb":{"@id":"https:\/\/hotelsimsek.com.tr\/en\/contact\/#breadcrumb"},"inLanguage":"en-US","potentialAction":[{"@type":"ReadAction","target":["https:\/\/hotelsimsek.com.tr\/en\/contact\/"]}]},{"@type":"BreadcrumbList","@id":"https:\/\/hotelsimsek.com.tr\/en\/contact\/#breadcrumb","itemListElement":[{"@type":"ListItem","position":1,"name":"Home","item":"https:\/\/hotelsimsek.com.tr\/en\/"},{"@type":"ListItem","position":2,"name":"Contact"}]},{"@type":"WebSite","@id":"https:\/\/hotelsimsek.com.tr\/en\/#website","url":"https:\/\/hotelsimsek.com.tr\/en\/","name":"Hotel \u015eim\u015fek","description":"\u0130\u00e7inde Edirne Var","publisher":{"@id":"https:\/\/hotelsimsek.com.tr\/en\/#organization"},"potentialAction":[{"@type":"SearchAction","target":{"@type":"EntryPoint","urlTemplate":"https:\/\/hotelsimsek.com.tr\/en\/?s={search_term_string}"},"query-input":{"@type":"PropertyValueSpecification","valueRequired":true,"valueName":"search_term_string"}}],"inLanguage":"en-US"},{"@type":"Organization","@id":"https:\/\/hotelsimsek.com.tr\/en\/#organization","name":"Hotel \u015eim\u015fek","url":"https:\/\/hotelsimsek.com.tr\/en\/","logo":{"@type":"ImageObject","inLanguage":"en-US","@id":"https:\/\/hotelsimsek.com.tr\/en\/#\/schema\/logo\/image\/","url":"https:\/\/hotelsimsek.com.tr\/wp-content\/uploads\/2020\/06\/Hotel-Simsek-logo.png","contentUrl":"https:\/\/hotelsimsek.com.tr\/wp-content\/uploads\/2020\/06\/Hotel-Simsek-logo.png","width":400,"height":235,"caption":"Hotel \u015eim\u015fek"},"image":{"@id":"https:\/\/hotelsimsek.com.tr\/en\/#\/schema\/logo\/image\/"},"sameAs":["https:\/\/www.facebook.com\/hotelsimsektr"]}]}},"_links":{"self":[{"href":"https:\/\/hotelsimsek.com.tr\/en\/wp-json\/wp\/v2\/pages\/337","targetHints":{"allow":["GET"]}}],"collection":[{"href":"https:\/\/hotelsimsek.com.tr\/en\/wp-json\/wp\/v2\/pages"}],"about":[{"href":"https:\/\/hotelsimsek.com.tr\/en\/wp-json\/wp\/v2\/types\/page"}],"author":[{"embeddable":true,"href":"https:\/\/hotelsimsek.com.tr\/en\/wp-json\/wp\/v2\/users\/1"}],"replies":[{"embeddable":true,"href":"https:\/\/hotelsimsek.com.tr\/en\/wp-json\/wp\/v2\/comments?post=337"}],"version-history":[{"count":5,"href":"https:\/\/hotelsimsek.com.tr\/en\/wp-json\/wp\/v2\/pages\/337\/revisions"}],"predecessor-version":[{"id":461,"href":"https:\/\/hotelsimsek.com.tr\/en\/wp-json\/wp\/v2\/pages\/337\/revisions\/461"}],"wp:attachment":[{"href":"https:\/\/hotelsimsek.com.tr\/en\/wp-json\/wp\/v2\/media?parent=337"}],"curies":[{"name":"wp","href":"https:\/\/api.w.org\/{rel}","templated":true}]}}