{"id":347,"date":"2020-07-03T17:16:38","date_gmt":"2020-07-03T14:16:38","guid":{"rendered":"https:\/\/hotelsimsek.com.tr\/edirnenin-lezzetleri\/"},"modified":"2020-07-11T17:43:44","modified_gmt":"2020-07-11T14:43:44","slug":"local-flavors","status":"publish","type":"page","link":"https:\/\/hotelsimsek.com.tr\/en\/local-flavors\/","title":{"rendered":"Local Flavors"},"content":{"rendered":"<div id='full_slider_1'  class='avia-fullwidth-slider main_color avia-shadow   avia-builder-el-0  el_before_av_one_fourth  avia-builder-el-first   container_wrap sidebar_right'  ><div  class='avia-slideshow av-kc52avws-2401a92d97e671c618d71f30cfa48432 avia-slideshow-featured av_slideshow_full avia-slide-slider av-slideshow-ui av-control-default av-slideshow-manual av-loop-once av-loop-manual-endless av-default-height-applied   avia-slideshow-1' data-slideshow-options=\"{&quot;animation&quot;:&quot;slide&quot;,&quot;autoplay&quot;:false,&quot;loop_autoplay&quot;:&quot;once&quot;,&quot;interval&quot;:5,&quot;loop_manual&quot;:&quot;manual-endless&quot;,&quot;autoplay_stopper&quot;:false,&quot;noNavigation&quot;:false,&quot;bg_slider&quot;:false,&quot;keep_padding&quot;:false,&quot;hoverpause&quot;:false,&quot;show_slide_delay&quot;:0}\"  itemprop=\"image\" itemscope=\"itemscope\" itemtype=\"https:\/\/schema.org\/ImageObject\" ><ul class='avia-slideshow-inner ' style='padding-bottom: 34.565916398714%;'><li  class='avia-slideshow-slide av-kc52avws-2401a92d97e671c618d71f30cfa48432__0  av-single-slide slide-1 slide-odd'><div data-rel='slideshow-1' class='avia-slide-wrap '   ><img decoding=\"async\" fetchpriority=\"high\" class=\"wp-image-291 avia-img-lazy-loading-not-291\"  src=\"https:\/\/hotelsimsek.com.tr\/wp-content\/uploads\/2020\/07\/Edirnin-Lezzetleri-1244x430.jpg\" width=\"1244\" height=\"430\" title='The Tastes of Edirne' alt='Hotel \u015eim\u015fek Edirne Crafts Broom'  itemprop=\"thumbnailUrl\"   \/><\/div><\/li><\/ul><\/div><\/div><div id='after_full_slider_1'  class='main_color av_default_container_wrap container_wrap sidebar_right'  ><div class='container av-section-cont-open' ><div class='template-page content  av-content-small alpha units'><div class='post-entry post-entry-type-page post-entry-347'><div class='entry-content-wrapper clearfix'>\n\n<style type=\"text\/css\" data-created_by=\"avia_inline_auto\" id=\"style-css-av-61wt1-044f65ed09ce0b7e951e9e27204e8399\">\n.flex_column.av-61wt1-044f65ed09ce0b7e951e9e27204e8399{\nborder-radius:0px 0px 0px 0px;\npadding:0px 0px 0px 0px;\n}\n<\/style>\n<div  class='flex_column av-61wt1-044f65ed09ce0b7e951e9e27204e8399 av_one_fourth  avia-builder-el-1  el_after_av_slideshow_full  el_before_av_three_fourth  avia-builder-el-first  first flex_column_div av-zero-column-padding  '     ><\/div>\n\n<style type=\"text\/css\" data-created_by=\"avia_inline_auto\" id=\"style-css-av-k8lp-8b187a5b96f6d70950073216cd0bf423\">\n.flex_column.av-k8lp-8b187a5b96f6d70950073216cd0bf423{\nborder-radius:0px 0px 0px 0px;\npadding:0px 0px 0px 0px;\n}\n<\/style>\n<div  class='flex_column av-k8lp-8b187a5b96f6d70950073216cd0bf423 av_three_fourth  avia-builder-el-2  el_after_av_one_fourth  avia-builder-el-last  flex_column_div av-zero-column-padding  '     ><p>\n<style type=\"text\/css\" data-created_by=\"avia_inline_auto\" id=\"style-css-av-kc52c20l-0b28b880e57c44b52c870693076b226b\">\n#top .av_textblock_section.av-kc52c20l-0b28b880e57c44b52c870693076b226b .avia_textblock{\nfont-size:16px;\n}\n<\/style>\n<section  class='av_textblock_section av-kc52c20l-0b28b880e57c44b52c870693076b226b '   itemscope=\"itemscope\" itemtype=\"https:\/\/schema.org\/CreativeWork\" ><div class='avia_textblock'  itemprop=\"text\" ><p><strong>Local Flavors of Edirne<\/strong><\/p>\n<p><strong>FRIED LIVER<\/strong><\/p>\n<p>One of Edirne\u2019s most famous dishes and main tourist must haves is fried liver. The reason of Edirne\u2019s fried liver, also known as leaf liver, is because of Edirne\u2019s rich flora. Mastership is very crucial to the making of fried liver, which is produced from the liver of a one year calf fed in natural environment. The choosing of the ingredients, preparation, cooking and serving needs talent. During cooking local wheat flour and sunflower oil is used and is served with naturally dried green and red peppers of Edirne.<\/p>\n<p><strong>ED\u0130RNE MEATBALL<\/strong><\/p>\n<p>Edirne meatball is one of the creations of Rumelian taste palate. Edirne meatball is frequently prefers by local and foreign tourists. It is special because of the way it is prepared and the naturally grown male calf meat that it is made of. The meat is minced with thyme, blackpepper and cumin, rested for 12 hours and kneaded with finely chopped onions. The meatballs are served with onions, tomatoes and green pepper and most importantly with a special sauce made of red pepper. It has unique shape, softness and taste.<\/p>\n<p><strong>ED\u0130RNE CHEESE<\/strong><\/p>\n<p>In Edirne stockbreeding is very common and the city is also famous for its cheese making. Turkish Patent Institute gave Edirne cheese the Geographical Indication Brand Registration Certificate. People who are fond of palatal delight seek for the unique taste of the Edirne cheese for many years. It has different aspects from the other cheese products such as color, smell and taste. It is made from the cow, sheep and goat milk. Those animals are fed on natural grasslands of Edirne\u2019s climate features. The milk has unique taste, smell and acidity. Edirne cheese has whole-fat, semi-fat and no-fat options.<\/p>\n<p><strong>MARZIPAN-ALMOND PASTE<\/strong><\/p>\n<p>From the almond gardens of the past to the Ottoman palaces, marzipan is a very famous treat in Edirne. Historical sources talk about the countless almond gardens in Edirne and the natural beauty that they bring to the city. Today there is even a neighborhood called \u201cbademlik\u201d-the place where almonds grow. Marzipan has an important place in Edirne\u2019s economy and social life. Also it is one of the most common souvenirs amongst tourists. Boiled almonds are dried and grounded. Then they are boiled together with sugar to achieve the amazing marzipan flavor.<\/p>\n<\/div><\/section><br \/>\n\n<style type=\"text\/css\" data-created_by=\"avia_inline_auto\" id=\"style-css-av-kc53kuys-4f1a713b1c38c68f0c62928a13551036\">\n#top .hr.hr-invisible.av-kc53kuys-4f1a713b1c38c68f0c62928a13551036{\nheight:50px;\n}\n<\/style>\n<div  class='hr av-kc53kuys-4f1a713b1c38c68f0c62928a13551036 hr-invisible  avia-builder-el-4  el_after_av_textblock  el_before_av_masonry_gallery  avia-builder-el-last '><span class='hr-inner '><span class=\"hr-inner-style\"><\/span><\/span><\/div><br \/>\n<div id='av-masonry-1' class='av-masonry av-kc53inyx-b18d40fb05b59b75d6475dbc263bf063 noHover av-fixed-size av-large-gap av-hover-overlay-active av-masonry-animation-active av-masonry-col-4 av-caption-always av-caption-style- av-masonry-gallery av-orientation-square ' data-post_id=\"347\"><div class=\"av-masonry-container isotope av-js-disabled\"><div class='av-masonry-entry isotope-item av-masonry-item-no-image '><\/div><a href=\"https:\/\/hotelsimsek.com.tr\/wp-content\/uploads\/2020\/07\/edirne-koftesi-1.jpg\" data-srcset=\"https:\/\/hotelsimsek.com.tr\/wp-content\/uploads\/2020\/07\/edirne-koftesi-1.jpg 900w, https:\/\/hotelsimsek.com.tr\/wp-content\/uploads\/2020\/07\/edirne-koftesi-1-300x200.jpg 300w, https:\/\/hotelsimsek.com.tr\/wp-content\/uploads\/2020\/07\/edirne-koftesi-1-768x512.jpg 768w, https:\/\/hotelsimsek.com.tr\/wp-content\/uploads\/2020\/07\/edirne-koftesi-1-705x470.jpg 705w\" data-sizes=\"(max-width: 900px) 100vw, 900px\"  aria-label=\"image The Tastes of Edirne-Meatball\"  id='av-masonry-1-item-289' data-av-masonry-item='289' class='av-masonry-entry isotope-item post-289 attachment type-attachment status-inherit hentry  av-masonry-item-with-image' title=\"The Tastes of Edirne-Meatball\" alt=\"The Tastes of Edirne-Meatball\"    itemprop=\"thumbnailUrl\" ><div class='av-inner-masonry-sizer'><\/div><figure class='av-inner-masonry main_color'><div class=\"av-masonry-outerimage-container\"><div class='av-masonry-image-container' style=\"background-image: url(https:\/\/hotelsimsek.com.tr\/wp-content\/uploads\/2020\/07\/edirne-koftesi-1-705x470.jpg);\"  title=\"The Tastes of Edirne-Meatball\" ><\/div><\/div><\/figure><\/a><!--end av-masonry entry--><a href=\"https:\/\/hotelsimsek.com.tr\/wp-content\/uploads\/2020\/07\/ciger-tava-1.jpg\" data-srcset=\"https:\/\/hotelsimsek.com.tr\/wp-content\/uploads\/2020\/07\/ciger-tava-1.jpg 900w, https:\/\/hotelsimsek.com.tr\/wp-content\/uploads\/2020\/07\/ciger-tava-1-300x200.jpg 300w, https:\/\/hotelsimsek.com.tr\/wp-content\/uploads\/2020\/07\/ciger-tava-1-768x512.jpg 768w, https:\/\/hotelsimsek.com.tr\/wp-content\/uploads\/2020\/07\/ciger-tava-1-705x470.jpg 705w\" data-sizes=\"(max-width: 900px) 100vw, 900px\"  aria-label=\"image The Tastes of Edirne-Ci\u011fer Tava\"  id='av-masonry-1-item-288' data-av-masonry-item='288' class='av-masonry-entry isotope-item post-288 attachment type-attachment status-inherit hentry  av-masonry-item-with-image' title=\"The Tastes of Edirne-Ci\u011fer Tava\" alt=\"The Tastes of Edirne-Ci\u011fer Tava\"    itemprop=\"thumbnailUrl\" ><div class='av-inner-masonry-sizer'><\/div><figure class='av-inner-masonry main_color'><div class=\"av-masonry-outerimage-container\"><div class='av-masonry-image-container' style=\"background-image: url(https:\/\/hotelsimsek.com.tr\/wp-content\/uploads\/2020\/07\/ciger-tava-1-705x470.jpg);\"  title=\"The Tastes of Edirne-Ci\u011fer Tava\" ><\/div><\/div><\/figure><\/a><!--end av-masonry entry--><a href=\"https:\/\/hotelsimsek.com.tr\/wp-content\/uploads\/2020\/07\/edirnepeyniri.jpg\" data-srcset=\"https:\/\/hotelsimsek.com.tr\/wp-content\/uploads\/2020\/07\/edirnepeyniri.jpg 900w, https:\/\/hotelsimsek.com.tr\/wp-content\/uploads\/2020\/07\/edirnepeyniri-300x200.jpg 300w, https:\/\/hotelsimsek.com.tr\/wp-content\/uploads\/2020\/07\/edirnepeyniri-768x512.jpg 768w, https:\/\/hotelsimsek.com.tr\/wp-content\/uploads\/2020\/07\/edirnepeyniri-705x470.jpg 705w\" data-sizes=\"(max-width: 900px) 100vw, 900px\"  aria-label=\"image The Tastes of Edirne-Cheese\"  id='av-masonry-1-item-290' data-av-masonry-item='290' class='av-masonry-entry isotope-item post-290 attachment type-attachment status-inherit hentry  av-masonry-item-with-image' title=\"The Tastes of Edirne-Cheese\" alt=\"The Tastes of Edirne-Cheese\"    itemprop=\"thumbnailUrl\" ><div class='av-inner-masonry-sizer'><\/div><figure class='av-inner-masonry main_color'><div class=\"av-masonry-outerimage-container\"><div class='av-masonry-image-container' style=\"background-image: url(https:\/\/hotelsimsek.com.tr\/wp-content\/uploads\/2020\/07\/edirnepeyniri-705x470.jpg);\"  title=\"The Tastes of Edirne-Cheese\" ><\/div><\/div><\/figure><\/a><!--end av-masonry entry--><a href=\"https:\/\/hotelsimsek.com.tr\/wp-content\/uploads\/2020\/07\/badem-ezmesi-1030x687.jpg\" data-srcset=\"https:\/\/hotelsimsek.com.tr\/wp-content\/uploads\/2020\/07\/badem-ezmesi-1030x687.jpg 1030w, https:\/\/hotelsimsek.com.tr\/wp-content\/uploads\/2020\/07\/badem-ezmesi-300x200.jpg 300w, https:\/\/hotelsimsek.com.tr\/wp-content\/uploads\/2020\/07\/badem-ezmesi-768x512.jpg 768w, https:\/\/hotelsimsek.com.tr\/wp-content\/uploads\/2020\/07\/badem-ezmesi-705x470.jpg 705w, https:\/\/hotelsimsek.com.tr\/wp-content\/uploads\/2020\/07\/badem-ezmesi.jpg 1500w\" data-sizes=\"(max-width: 1030px) 100vw, 1030px\"  aria-label=\"image Me\u015fhur Edirne Badem Ezmesi\"  id='av-masonry-1-item-287' data-av-masonry-item='287' class='av-masonry-entry isotope-item post-287 attachment type-attachment status-inherit hentry  av-masonry-item-with-image' title=\"Me\u015fhur Edirne Badem Ezmesi\" alt=\"\"    itemprop=\"thumbnailUrl\" ><div class='av-inner-masonry-sizer'><\/div><figure class='av-inner-masonry main_color'><div class=\"av-masonry-outerimage-container\"><div class='av-masonry-image-container' style=\"background-image: url(https:\/\/hotelsimsek.com.tr\/wp-content\/uploads\/2020\/07\/badem-ezmesi-705x470.jpg);\"  title=\"Me\u015fhur Edirne Badem Ezmesi\" ><\/div><\/div><\/figure><\/a><!--end av-masonry entry--><\/div><\/div><\/p><\/div>\n","protected":false},"excerpt":{"rendered":"","protected":false},"author":1,"featured_media":0,"parent":0,"menu_order":0,"comment_status":"closed","ping_status":"closed","template":"","meta":{"footnotes":""},"class_list":["post-347","page","type-page","status-publish","hentry"],"yoast_head":"<!-- This site is optimized with the Yoast SEO plugin v26.9 - https:\/\/yoast.com\/product\/yoast-seo-wordpress\/ -->\n<title>Local Flavors &#8211; Hotel \u015eim\u015fek<\/title>\n<meta name=\"robots\" content=\"index, follow, max-snippet:-1, max-image-preview:large, max-video-preview:-1\" \/>\n<link rel=\"canonical\" href=\"https:\/\/hotelsimsek.com.tr\/en\/local-flavors\/\" \/>\n<meta property=\"og:locale\" content=\"en_US\" \/>\n<meta property=\"og:type\" content=\"article\" \/>\n<meta property=\"og:title\" content=\"Local Flavors &#8211; Hotel \u015eim\u015fek\" \/>\n<meta property=\"og:url\" content=\"https:\/\/hotelsimsek.com.tr\/en\/local-flavors\/\" \/>\n<meta property=\"og:site_name\" content=\"Hotel \u015eim\u015fek\" \/>\n<meta property=\"article:publisher\" content=\"https:\/\/www.facebook.com\/hotelsimsektr\" \/>\n<meta property=\"article:modified_time\" content=\"2020-07-11T14:43:44+00:00\" \/>\n<meta name=\"twitter:card\" content=\"summary_large_image\" \/>\n<meta name=\"twitter:label1\" content=\"Est. reading time\" \/>\n\t<meta name=\"twitter:data1\" content=\"5 minutes\" \/>\n<script type=\"application\/ld+json\" class=\"yoast-schema-graph\">{\"@context\":\"https:\/\/schema.org\",\"@graph\":[{\"@type\":\"WebPage\",\"@id\":\"https:\/\/hotelsimsek.com.tr\/en\/local-flavors\/\",\"url\":\"https:\/\/hotelsimsek.com.tr\/en\/local-flavors\/\",\"name\":\"Local Flavors &#8211; Hotel \u015eim\u015fek\",\"isPartOf\":{\"@id\":\"https:\/\/hotelsimsek.com.tr\/en\/#website\"},\"datePublished\":\"2020-07-03T14:16:38+00:00\",\"dateModified\":\"2020-07-11T14:43:44+00:00\",\"breadcrumb\":{\"@id\":\"https:\/\/hotelsimsek.com.tr\/en\/local-flavors\/#breadcrumb\"},\"inLanguage\":\"en-US\",\"potentialAction\":[{\"@type\":\"ReadAction\",\"target\":[\"https:\/\/hotelsimsek.com.tr\/en\/local-flavors\/\"]}]},{\"@type\":\"BreadcrumbList\",\"@id\":\"https:\/\/hotelsimsek.com.tr\/en\/local-flavors\/#breadcrumb\",\"itemListElement\":[{\"@type\":\"ListItem\",\"position\":1,\"name\":\"Home\",\"item\":\"https:\/\/hotelsimsek.com.tr\/en\/\"},{\"@type\":\"ListItem\",\"position\":2,\"name\":\"Local Flavors\"}]},{\"@type\":\"WebSite\",\"@id\":\"https:\/\/hotelsimsek.com.tr\/en\/#website\",\"url\":\"https:\/\/hotelsimsek.com.tr\/en\/\",\"name\":\"Hotel \u015eim\u015fek\",\"description\":\"\u0130\u00e7inde Edirne Var\",\"publisher\":{\"@id\":\"https:\/\/hotelsimsek.com.tr\/en\/#organization\"},\"potentialAction\":[{\"@type\":\"SearchAction\",\"target\":{\"@type\":\"EntryPoint\",\"urlTemplate\":\"https:\/\/hotelsimsek.com.tr\/en\/?s={search_term_string}\"},\"query-input\":{\"@type\":\"PropertyValueSpecification\",\"valueRequired\":true,\"valueName\":\"search_term_string\"}}],\"inLanguage\":\"en-US\"},{\"@type\":\"Organization\",\"@id\":\"https:\/\/hotelsimsek.com.tr\/en\/#organization\",\"name\":\"Hotel \u015eim\u015fek\",\"url\":\"https:\/\/hotelsimsek.com.tr\/en\/\",\"logo\":{\"@type\":\"ImageObject\",\"inLanguage\":\"en-US\",\"@id\":\"https:\/\/hotelsimsek.com.tr\/en\/#\/schema\/logo\/image\/\",\"url\":\"https:\/\/hotelsimsek.com.tr\/wp-content\/uploads\/2020\/06\/Hotel-Simsek-logo.png\",\"contentUrl\":\"https:\/\/hotelsimsek.com.tr\/wp-content\/uploads\/2020\/06\/Hotel-Simsek-logo.png\",\"width\":400,\"height\":235,\"caption\":\"Hotel \u015eim\u015fek\"},\"image\":{\"@id\":\"https:\/\/hotelsimsek.com.tr\/en\/#\/schema\/logo\/image\/\"},\"sameAs\":[\"https:\/\/www.facebook.com\/hotelsimsektr\"]}]}<\/script>\n<!-- \/ Yoast SEO plugin. -->","yoast_head_json":{"title":"Local Flavors &#8211; Hotel \u015eim\u015fek","robots":{"index":"index","follow":"follow","max-snippet":"max-snippet:-1","max-image-preview":"max-image-preview:large","max-video-preview":"max-video-preview:-1"},"canonical":"https:\/\/hotelsimsek.com.tr\/en\/local-flavors\/","og_locale":"en_US","og_type":"article","og_title":"Local Flavors &#8211; Hotel \u015eim\u015fek","og_url":"https:\/\/hotelsimsek.com.tr\/en\/local-flavors\/","og_site_name":"Hotel \u015eim\u015fek","article_publisher":"https:\/\/www.facebook.com\/hotelsimsektr","article_modified_time":"2020-07-11T14:43:44+00:00","twitter_card":"summary_large_image","twitter_misc":{"Est. reading time":"5 minutes"},"schema":{"@context":"https:\/\/schema.org","@graph":[{"@type":"WebPage","@id":"https:\/\/hotelsimsek.com.tr\/en\/local-flavors\/","url":"https:\/\/hotelsimsek.com.tr\/en\/local-flavors\/","name":"Local Flavors &#8211; Hotel \u015eim\u015fek","isPartOf":{"@id":"https:\/\/hotelsimsek.com.tr\/en\/#website"},"datePublished":"2020-07-03T14:16:38+00:00","dateModified":"2020-07-11T14:43:44+00:00","breadcrumb":{"@id":"https:\/\/hotelsimsek.com.tr\/en\/local-flavors\/#breadcrumb"},"inLanguage":"en-US","potentialAction":[{"@type":"ReadAction","target":["https:\/\/hotelsimsek.com.tr\/en\/local-flavors\/"]}]},{"@type":"BreadcrumbList","@id":"https:\/\/hotelsimsek.com.tr\/en\/local-flavors\/#breadcrumb","itemListElement":[{"@type":"ListItem","position":1,"name":"Home","item":"https:\/\/hotelsimsek.com.tr\/en\/"},{"@type":"ListItem","position":2,"name":"Local Flavors"}]},{"@type":"WebSite","@id":"https:\/\/hotelsimsek.com.tr\/en\/#website","url":"https:\/\/hotelsimsek.com.tr\/en\/","name":"Hotel \u015eim\u015fek","description":"\u0130\u00e7inde Edirne Var","publisher":{"@id":"https:\/\/hotelsimsek.com.tr\/en\/#organization"},"potentialAction":[{"@type":"SearchAction","target":{"@type":"EntryPoint","urlTemplate":"https:\/\/hotelsimsek.com.tr\/en\/?s={search_term_string}"},"query-input":{"@type":"PropertyValueSpecification","valueRequired":true,"valueName":"search_term_string"}}],"inLanguage":"en-US"},{"@type":"Organization","@id":"https:\/\/hotelsimsek.com.tr\/en\/#organization","name":"Hotel \u015eim\u015fek","url":"https:\/\/hotelsimsek.com.tr\/en\/","logo":{"@type":"ImageObject","inLanguage":"en-US","@id":"https:\/\/hotelsimsek.com.tr\/en\/#\/schema\/logo\/image\/","url":"https:\/\/hotelsimsek.com.tr\/wp-content\/uploads\/2020\/06\/Hotel-Simsek-logo.png","contentUrl":"https:\/\/hotelsimsek.com.tr\/wp-content\/uploads\/2020\/06\/Hotel-Simsek-logo.png","width":400,"height":235,"caption":"Hotel \u015eim\u015fek"},"image":{"@id":"https:\/\/hotelsimsek.com.tr\/en\/#\/schema\/logo\/image\/"},"sameAs":["https:\/\/www.facebook.com\/hotelsimsektr"]}]}},"_links":{"self":[{"href":"https:\/\/hotelsimsek.com.tr\/en\/wp-json\/wp\/v2\/pages\/347","targetHints":{"allow":["GET"]}}],"collection":[{"href":"https:\/\/hotelsimsek.com.tr\/en\/wp-json\/wp\/v2\/pages"}],"about":[{"href":"https:\/\/hotelsimsek.com.tr\/en\/wp-json\/wp\/v2\/types\/page"}],"author":[{"embeddable":true,"href":"https:\/\/hotelsimsek.com.tr\/en\/wp-json\/wp\/v2\/users\/1"}],"replies":[{"embeddable":true,"href":"https:\/\/hotelsimsek.com.tr\/en\/wp-json\/wp\/v2\/comments?post=347"}],"version-history":[{"count":2,"href":"https:\/\/hotelsimsek.com.tr\/en\/wp-json\/wp\/v2\/pages\/347\/revisions"}],"predecessor-version":[{"id":350,"href":"https:\/\/hotelsimsek.com.tr\/en\/wp-json\/wp\/v2\/pages\/347\/revisions\/350"}],"wp:attachment":[{"href":"https:\/\/hotelsimsek.com.tr\/en\/wp-json\/wp\/v2\/media?parent=347"}],"curies":[{"name":"wp","href":"https:\/\/api.w.org\/{rel}","templated":true}]}}