{"id":351,"date":"2020-07-03T17:31:26","date_gmt":"2020-07-03T14:31:26","guid":{"rendered":"https:\/\/hotelsimsek.com.tr\/hediyelik-esya\/"},"modified":"2020-07-11T17:47:51","modified_gmt":"2020-07-11T14:47:51","slug":"souvenirs","status":"publish","type":"page","link":"https:\/\/hotelsimsek.com.tr\/en\/souvenirs\/","title":{"rendered":"Souvenirs"},"content":{"rendered":"<div id='full_slider_1'  class='avia-fullwidth-slider main_color avia-shadow   avia-builder-el-0  el_before_av_one_fourth  avia-builder-el-first   container_wrap sidebar_right'  ><div  class='avia-slideshow av-kc52avws-2401a92d97e671c618d71f30cfa48432 avia-slideshow-featured av_slideshow_full avia-slide-slider av-slideshow-ui av-control-default av-slideshow-manual av-loop-once av-loop-manual-endless av-default-height-applied   avia-slideshow-1' data-slideshow-options=\"{&quot;animation&quot;:&quot;slide&quot;,&quot;autoplay&quot;:false,&quot;loop_autoplay&quot;:&quot;once&quot;,&quot;interval&quot;:5,&quot;loop_manual&quot;:&quot;manual-endless&quot;,&quot;autoplay_stopper&quot;:false,&quot;noNavigation&quot;:false,&quot;bg_slider&quot;:false,&quot;keep_padding&quot;:false,&quot;hoverpause&quot;:false,&quot;show_slide_delay&quot;:0}\"  itemprop=\"image\" itemscope=\"itemscope\" itemtype=\"https:\/\/schema.org\/ImageObject\" ><ul class='avia-slideshow-inner ' style='padding-bottom: 34.565916398714%;'><li  class='avia-slideshow-slide av-kc52avws-2401a92d97e671c618d71f30cfa48432__0  av-single-slide slide-1 slide-odd'><div data-rel='slideshow-1' class='avia-slide-wrap '   ><img decoding=\"async\" fetchpriority=\"high\" class=\"wp-image-293 avia-img-lazy-loading-not-293\"  src=\"https:\/\/hotelsimsek.com.tr\/wp-content\/uploads\/2020\/07\/edirne-supurgesi-1244x430.jpg\" width=\"1244\" height=\"430\" title='Hotel \u015eim\u015fek Edirne Crafts Broom' alt='Hotel \u015eim\u015fek Edirne Crafts Broom'  itemprop=\"thumbnailUrl\"   \/><\/div><\/li><\/ul><\/div><\/div><div id='after_full_slider_1'  class='main_color av_default_container_wrap container_wrap sidebar_right'  ><div class='container av-section-cont-open' ><div class='template-page content  av-content-small alpha units'><div class='post-entry post-entry-type-page post-entry-351'><div class='entry-content-wrapper clearfix'>\n\n<style type=\"text\/css\" data-created_by=\"avia_inline_auto\" id=\"style-css-av-61wt1-044f65ed09ce0b7e951e9e27204e8399\">\n.flex_column.av-61wt1-044f65ed09ce0b7e951e9e27204e8399{\nborder-radius:0px 0px 0px 0px;\npadding:0px 0px 0px 0px;\n}\n<\/style>\n<div  class='flex_column av-61wt1-044f65ed09ce0b7e951e9e27204e8399 av_one_fourth  avia-builder-el-1  el_after_av_slideshow_full  el_before_av_three_fourth  avia-builder-el-first  first flex_column_div av-zero-column-padding  '     ><\/div>\n\n<style type=\"text\/css\" data-created_by=\"avia_inline_auto\" id=\"style-css-av-k8lp-8b187a5b96f6d70950073216cd0bf423\">\n.flex_column.av-k8lp-8b187a5b96f6d70950073216cd0bf423{\nborder-radius:0px 0px 0px 0px;\npadding:0px 0px 0px 0px;\n}\n<\/style>\n<div  class='flex_column av-k8lp-8b187a5b96f6d70950073216cd0bf423 av_three_fourth  avia-builder-el-2  el_after_av_one_fourth  avia-builder-el-last  flex_column_div av-zero-column-padding  '     ><p>\n<style type=\"text\/css\" data-created_by=\"avia_inline_auto\" id=\"style-css-av-kc52c20l-0b28b880e57c44b52c870693076b226b\">\n#top .av_textblock_section.av-kc52c20l-0b28b880e57c44b52c870693076b226b .avia_textblock{\nfont-size:16px;\n}\n<\/style>\n<section  class='av_textblock_section av-kc52c20l-0b28b880e57c44b52c870693076b226b '   itemscope=\"itemscope\" itemtype=\"https:\/\/schema.org\/CreativeWork\" ><div class='avia_textblock'  itemprop=\"text\" ><p><strong>Edirne&#8217;nin Me\u015fhur Geleneksel El Sanatlar\u0131<\/strong><\/p>\n<p><strong>FRUIT SOAP<\/strong><\/p>\n<p>One of the traditional occupations in Edirne was soap making. It was the main income for the most of the community. The Sabuni neighborhood is called after this tradition. (Sabun means soap in Turkish) eventhough historical soap making has lost its importance in the modern age, soap is still one of the most popular products of the souvenir market. Edirne is the only center of odorant soap making and the windows of the souvenir shops are decorated with colorful fruitshaped soaps. Musk, amber and rose essences are added to the apple, pear, peach, grape, melon shaped odorant soaps. This production turned into a local handcraft of Edirne. Soap is the symbol of cleanliness which takes a different cultural identity in Edirne. Fruit shaped odorant soaps became very popular and a must have for the weeding chests.<\/p>\n<p><strong>MIRRORED BROOM<\/strong><\/p>\n<p>The traditional household object broom has lost its importance in daily life. Today it is one of the most popular souvenirs in the market as mirrored broom. Broom making has lost to developing technology as a handcraft but its legacy \u201cmirrored broom\u201d is alive as a souvenir giving life to the traditional craft. The broom is decorated with colored sequences and a mirror. Mirror symbolizes beauty and cleanliness. Because of this belief mirrored brooms were put into the wedding chest of the girls.<\/p>\n<p><strong>ED\u0130RNEK\u00c2R\u0130<\/strong><\/p>\n<p>The city of the palace, Edirne has created its own art values. One of them is Edirnekari which literally means \u201cunique to Edirne\u201d. Edirnekari spread to Anatolia since the 17th century. It is an ornamentation made by coloring and varnishing materials like wood, cardboard or leather. It is generally executed on wardrobe doors, wedding chests, caskets, book covers and drawers by making flower, leaf and fruit patterns.the patterns on the muezzin gathering places at the Old Mosque and Selimiye Mosque are known as the oldest examples of Edirnekari. The Edirnekari wardrobe doors at the Edirne Archeology and Ethnography Museum are amongst the unique examples of this artcraft.<\/p>\n<\/div><\/section><br \/>\n\n<style type=\"text\/css\" data-created_by=\"avia_inline_auto\" id=\"style-css-av-kc53kuys-4f1a713b1c38c68f0c62928a13551036\">\n#top .hr.hr-invisible.av-kc53kuys-4f1a713b1c38c68f0c62928a13551036{\nheight:50px;\n}\n<\/style>\n<div  class='hr av-kc53kuys-4f1a713b1c38c68f0c62928a13551036 hr-invisible  avia-builder-el-4  el_after_av_textblock  el_before_av_masonry_gallery  avia-builder-el-last '><span class='hr-inner '><span class=\"hr-inner-style\"><\/span><\/span><\/div><br \/>\n<div id='av-masonry-1' class='av-masonry av-kc53inyx-b76d2a6fe4fe79bed274764c127329be noHover av-fixed-size av-large-gap av-hover-overlay-active av-masonry-animation-active av-masonry-col-4 av-caption-always av-caption-style- av-masonry-gallery av-orientation-square ' data-post_id=\"351\"><div class=\"av-masonry-container isotope av-js-disabled\"><div class='av-masonry-entry isotope-item av-masonry-item-no-image '><\/div><a href=\"https:\/\/hotelsimsek.com.tr\/wp-content\/uploads\/2020\/07\/edirnekari-2.jpg\" data-srcset=\"https:\/\/hotelsimsek.com.tr\/wp-content\/uploads\/2020\/07\/edirnekari-2.jpg 900w, https:\/\/hotelsimsek.com.tr\/wp-content\/uploads\/2020\/07\/edirnekari-2-300x200.jpg 300w, https:\/\/hotelsimsek.com.tr\/wp-content\/uploads\/2020\/07\/edirnekari-2-768x512.jpg 768w, https:\/\/hotelsimsek.com.tr\/wp-content\/uploads\/2020\/07\/edirnekari-2-705x470.jpg 705w\" data-sizes=\"(max-width: 900px) 100vw, 900px\"  aria-label=\"image Hotel \u015eim\u015fek Edirne Crafts Edirnekari\"  id='av-masonry-1-item-295' data-av-masonry-item='295' class='av-masonry-entry isotope-item post-295 attachment type-attachment status-inherit hentry  av-masonry-item-with-image' title=\"Hotel \u015eim\u015fek Edirne Crafts Edirnekari\" alt=\"Hotel \u015eim\u015fek Edirne Crafts Edirnekari\"    itemprop=\"thumbnailUrl\" ><div class='av-inner-masonry-sizer'><\/div><figure class='av-inner-masonry main_color'><div class=\"av-masonry-outerimage-container\"><div class='av-masonry-image-container' style=\"background-image: url(https:\/\/hotelsimsek.com.tr\/wp-content\/uploads\/2020\/07\/edirnekari-2-705x470.jpg);\"  title=\"Hotel \u015eim\u015fek Edirne Crafts Edirnekari\" ><\/div><\/div><\/figure><\/a><!--end av-masonry entry--><a href=\"https:\/\/hotelsimsek.com.tr\/wp-content\/uploads\/2020\/07\/edirnekari-1.jpg\" data-srcset=\"https:\/\/hotelsimsek.com.tr\/wp-content\/uploads\/2020\/07\/edirnekari-1.jpg 900w, https:\/\/hotelsimsek.com.tr\/wp-content\/uploads\/2020\/07\/edirnekari-1-300x200.jpg 300w, https:\/\/hotelsimsek.com.tr\/wp-content\/uploads\/2020\/07\/edirnekari-1-768x512.jpg 768w, https:\/\/hotelsimsek.com.tr\/wp-content\/uploads\/2020\/07\/edirnekari-1-705x470.jpg 705w\" data-sizes=\"(max-width: 900px) 100vw, 900px\"  aria-label=\"image Hotel \u015eim\u015fek Edirne Crafts Edirnekari\"  id='av-masonry-1-item-294' data-av-masonry-item='294' class='av-masonry-entry isotope-item post-294 attachment type-attachment status-inherit hentry  av-masonry-item-with-image' title=\"Hotel \u015eim\u015fek Edirne Crafts Edirnekari\" alt=\"Hotel \u015eim\u015fek Edirne Crafts Edirnekari\"    itemprop=\"thumbnailUrl\" ><div class='av-inner-masonry-sizer'><\/div><figure class='av-inner-masonry main_color'><div class=\"av-masonry-outerimage-container\"><div class='av-masonry-image-container' style=\"background-image: url(https:\/\/hotelsimsek.com.tr\/wp-content\/uploads\/2020\/07\/edirnekari-1-705x470.jpg);\"  title=\"Hotel \u015eim\u015fek Edirne Crafts Edirnekari\" ><\/div><\/div><\/figure><\/a><!--end av-masonry entry--><a href=\"https:\/\/hotelsimsek.com.tr\/wp-content\/uploads\/2020\/07\/meyve-sabunu.jpg\" data-srcset=\"https:\/\/hotelsimsek.com.tr\/wp-content\/uploads\/2020\/07\/meyve-sabunu.jpg 900w, https:\/\/hotelsimsek.com.tr\/wp-content\/uploads\/2020\/07\/meyve-sabunu-300x200.jpg 300w, https:\/\/hotelsimsek.com.tr\/wp-content\/uploads\/2020\/07\/meyve-sabunu-768x512.jpg 768w, https:\/\/hotelsimsek.com.tr\/wp-content\/uploads\/2020\/07\/meyve-sabunu-705x470.jpg 705w\" data-sizes=\"(max-width: 900px) 100vw, 900px\"  aria-label=\"image Hotel \u015eim\u015fek Edirne Fruit Soap\"  id='av-masonry-1-item-296' data-av-masonry-item='296' class='av-masonry-entry isotope-item post-296 attachment type-attachment status-inherit hentry  av-masonry-item-with-image' title=\"Hotel \u015eim\u015fek Edirne Fruit Soap\" alt=\"Hotel \u015eim\u015fek Edirne Fruit Soap\"    itemprop=\"thumbnailUrl\" ><div class='av-inner-masonry-sizer'><\/div><figure class='av-inner-masonry main_color'><div class=\"av-masonry-outerimage-container\"><div class='av-masonry-image-container' style=\"background-image: url(https:\/\/hotelsimsek.com.tr\/wp-content\/uploads\/2020\/07\/meyve-sabunu-705x470.jpg);\"  title=\"Hotel \u015eim\u015fek Edirne Fruit Soap\" ><\/div><\/div><\/figure><\/a><!--end av-masonry entry--><a href=\"https:\/\/hotelsimsek.com.tr\/wp-content\/uploads\/2020\/07\/edirne-supurgesi-1-1030x686.jpg\" data-srcset=\"https:\/\/hotelsimsek.com.tr\/wp-content\/uploads\/2020\/07\/edirne-supurgesi-1-1030x686.jpg 1030w, https:\/\/hotelsimsek.com.tr\/wp-content\/uploads\/2020\/07\/edirne-supurgesi-1-300x200.jpg 300w, https:\/\/hotelsimsek.com.tr\/wp-content\/uploads\/2020\/07\/edirne-supurgesi-1-768x512.jpg 768w, https:\/\/hotelsimsek.com.tr\/wp-content\/uploads\/2020\/07\/edirne-supurgesi-1-705x470.jpg 705w, https:\/\/hotelsimsek.com.tr\/wp-content\/uploads\/2020\/07\/edirne-supurgesi-1.jpg 1244w\" data-sizes=\"(max-width: 1030px) 100vw, 1030px\"  aria-label=\"image Hotel \u015eim\u015fek Edirne Crafts Broom\"  id='av-masonry-1-item-297' data-av-masonry-item='297' class='av-masonry-entry isotope-item post-297 attachment type-attachment status-inherit hentry  av-masonry-item-with-image' title=\"Hotel \u015eim\u015fek Edirne Crafts Broom\" alt=\"Hotel \u015eim\u015fek Edirne Crafts Broom\"    itemprop=\"thumbnailUrl\" ><div class='av-inner-masonry-sizer'><\/div><figure class='av-inner-masonry main_color'><div class=\"av-masonry-outerimage-container\"><div class='av-masonry-image-container' style=\"background-image: url(https:\/\/hotelsimsek.com.tr\/wp-content\/uploads\/2020\/07\/edirne-supurgesi-1-705x470.jpg);\"  title=\"Hotel \u015eim\u015fek Edirne Crafts Broom\" ><\/div><\/div><\/figure><\/a><!--end av-masonry entry--><\/div><\/div><\/p><\/div>\n","protected":false},"excerpt":{"rendered":"","protected":false},"author":1,"featured_media":0,"parent":0,"menu_order":0,"comment_status":"closed","ping_status":"closed","template":"","meta":{"footnotes":""},"class_list":["post-351","page","type-page","status-publish","hentry"],"yoast_head":"<!-- This site is optimized with the Yoast SEO plugin v26.9 - https:\/\/yoast.com\/product\/yoast-seo-wordpress\/ -->\n<title>Souvenirs &#8211; Hotel \u015eim\u015fek<\/title>\n<meta name=\"robots\" content=\"index, follow, max-snippet:-1, max-image-preview:large, max-video-preview:-1\" \/>\n<link rel=\"canonical\" href=\"https:\/\/hotelsimsek.com.tr\/en\/souvenirs\/\" \/>\n<meta property=\"og:locale\" content=\"en_US\" \/>\n<meta property=\"og:type\" content=\"article\" \/>\n<meta property=\"og:title\" content=\"Souvenirs &#8211; Hotel \u015eim\u015fek\" \/>\n<meta property=\"og:url\" content=\"https:\/\/hotelsimsek.com.tr\/en\/souvenirs\/\" \/>\n<meta property=\"og:site_name\" content=\"Hotel \u015eim\u015fek\" \/>\n<meta property=\"article:publisher\" content=\"https:\/\/www.facebook.com\/hotelsimsektr\" \/>\n<meta property=\"article:modified_time\" content=\"2020-07-11T14:47:51+00:00\" \/>\n<meta name=\"twitter:card\" content=\"summary_large_image\" \/>\n<meta name=\"twitter:label1\" content=\"Est. reading time\" \/>\n\t<meta name=\"twitter:data1\" content=\"5 minutes\" \/>\n<script type=\"application\/ld+json\" class=\"yoast-schema-graph\">{\"@context\":\"https:\/\/schema.org\",\"@graph\":[{\"@type\":\"WebPage\",\"@id\":\"https:\/\/hotelsimsek.com.tr\/en\/souvenirs\/\",\"url\":\"https:\/\/hotelsimsek.com.tr\/en\/souvenirs\/\",\"name\":\"Souvenirs &#8211; Hotel \u015eim\u015fek\",\"isPartOf\":{\"@id\":\"https:\/\/hotelsimsek.com.tr\/en\/#website\"},\"datePublished\":\"2020-07-03T14:31:26+00:00\",\"dateModified\":\"2020-07-11T14:47:51+00:00\",\"breadcrumb\":{\"@id\":\"https:\/\/hotelsimsek.com.tr\/en\/souvenirs\/#breadcrumb\"},\"inLanguage\":\"en-US\",\"potentialAction\":[{\"@type\":\"ReadAction\",\"target\":[\"https:\/\/hotelsimsek.com.tr\/en\/souvenirs\/\"]}]},{\"@type\":\"BreadcrumbList\",\"@id\":\"https:\/\/hotelsimsek.com.tr\/en\/souvenirs\/#breadcrumb\",\"itemListElement\":[{\"@type\":\"ListItem\",\"position\":1,\"name\":\"Home\",\"item\":\"https:\/\/hotelsimsek.com.tr\/en\/\"},{\"@type\":\"ListItem\",\"position\":2,\"name\":\"Souvenirs\"}]},{\"@type\":\"WebSite\",\"@id\":\"https:\/\/hotelsimsek.com.tr\/en\/#website\",\"url\":\"https:\/\/hotelsimsek.com.tr\/en\/\",\"name\":\"Hotel \u015eim\u015fek\",\"description\":\"\u0130\u00e7inde Edirne Var\",\"publisher\":{\"@id\":\"https:\/\/hotelsimsek.com.tr\/en\/#organization\"},\"potentialAction\":[{\"@type\":\"SearchAction\",\"target\":{\"@type\":\"EntryPoint\",\"urlTemplate\":\"https:\/\/hotelsimsek.com.tr\/en\/?s={search_term_string}\"},\"query-input\":{\"@type\":\"PropertyValueSpecification\",\"valueRequired\":true,\"valueName\":\"search_term_string\"}}],\"inLanguage\":\"en-US\"},{\"@type\":\"Organization\",\"@id\":\"https:\/\/hotelsimsek.com.tr\/en\/#organization\",\"name\":\"Hotel \u015eim\u015fek\",\"url\":\"https:\/\/hotelsimsek.com.tr\/en\/\",\"logo\":{\"@type\":\"ImageObject\",\"inLanguage\":\"en-US\",\"@id\":\"https:\/\/hotelsimsek.com.tr\/en\/#\/schema\/logo\/image\/\",\"url\":\"https:\/\/hotelsimsek.com.tr\/wp-content\/uploads\/2020\/06\/Hotel-Simsek-logo.png\",\"contentUrl\":\"https:\/\/hotelsimsek.com.tr\/wp-content\/uploads\/2020\/06\/Hotel-Simsek-logo.png\",\"width\":400,\"height\":235,\"caption\":\"Hotel \u015eim\u015fek\"},\"image\":{\"@id\":\"https:\/\/hotelsimsek.com.tr\/en\/#\/schema\/logo\/image\/\"},\"sameAs\":[\"https:\/\/www.facebook.com\/hotelsimsektr\"]}]}<\/script>\n<!-- \/ Yoast SEO plugin. -->","yoast_head_json":{"title":"Souvenirs &#8211; Hotel \u015eim\u015fek","robots":{"index":"index","follow":"follow","max-snippet":"max-snippet:-1","max-image-preview":"max-image-preview:large","max-video-preview":"max-video-preview:-1"},"canonical":"https:\/\/hotelsimsek.com.tr\/en\/souvenirs\/","og_locale":"en_US","og_type":"article","og_title":"Souvenirs &#8211; Hotel \u015eim\u015fek","og_url":"https:\/\/hotelsimsek.com.tr\/en\/souvenirs\/","og_site_name":"Hotel \u015eim\u015fek","article_publisher":"https:\/\/www.facebook.com\/hotelsimsektr","article_modified_time":"2020-07-11T14:47:51+00:00","twitter_card":"summary_large_image","twitter_misc":{"Est. reading time":"5 minutes"},"schema":{"@context":"https:\/\/schema.org","@graph":[{"@type":"WebPage","@id":"https:\/\/hotelsimsek.com.tr\/en\/souvenirs\/","url":"https:\/\/hotelsimsek.com.tr\/en\/souvenirs\/","name":"Souvenirs &#8211; Hotel \u015eim\u015fek","isPartOf":{"@id":"https:\/\/hotelsimsek.com.tr\/en\/#website"},"datePublished":"2020-07-03T14:31:26+00:00","dateModified":"2020-07-11T14:47:51+00:00","breadcrumb":{"@id":"https:\/\/hotelsimsek.com.tr\/en\/souvenirs\/#breadcrumb"},"inLanguage":"en-US","potentialAction":[{"@type":"ReadAction","target":["https:\/\/hotelsimsek.com.tr\/en\/souvenirs\/"]}]},{"@type":"BreadcrumbList","@id":"https:\/\/hotelsimsek.com.tr\/en\/souvenirs\/#breadcrumb","itemListElement":[{"@type":"ListItem","position":1,"name":"Home","item":"https:\/\/hotelsimsek.com.tr\/en\/"},{"@type":"ListItem","position":2,"name":"Souvenirs"}]},{"@type":"WebSite","@id":"https:\/\/hotelsimsek.com.tr\/en\/#website","url":"https:\/\/hotelsimsek.com.tr\/en\/","name":"Hotel \u015eim\u015fek","description":"\u0130\u00e7inde Edirne Var","publisher":{"@id":"https:\/\/hotelsimsek.com.tr\/en\/#organization"},"potentialAction":[{"@type":"SearchAction","target":{"@type":"EntryPoint","urlTemplate":"https:\/\/hotelsimsek.com.tr\/en\/?s={search_term_string}"},"query-input":{"@type":"PropertyValueSpecification","valueRequired":true,"valueName":"search_term_string"}}],"inLanguage":"en-US"},{"@type":"Organization","@id":"https:\/\/hotelsimsek.com.tr\/en\/#organization","name":"Hotel \u015eim\u015fek","url":"https:\/\/hotelsimsek.com.tr\/en\/","logo":{"@type":"ImageObject","inLanguage":"en-US","@id":"https:\/\/hotelsimsek.com.tr\/en\/#\/schema\/logo\/image\/","url":"https:\/\/hotelsimsek.com.tr\/wp-content\/uploads\/2020\/06\/Hotel-Simsek-logo.png","contentUrl":"https:\/\/hotelsimsek.com.tr\/wp-content\/uploads\/2020\/06\/Hotel-Simsek-logo.png","width":400,"height":235,"caption":"Hotel \u015eim\u015fek"},"image":{"@id":"https:\/\/hotelsimsek.com.tr\/en\/#\/schema\/logo\/image\/"},"sameAs":["https:\/\/www.facebook.com\/hotelsimsektr"]}]}},"_links":{"self":[{"href":"https:\/\/hotelsimsek.com.tr\/en\/wp-json\/wp\/v2\/pages\/351","targetHints":{"allow":["GET"]}}],"collection":[{"href":"https:\/\/hotelsimsek.com.tr\/en\/wp-json\/wp\/v2\/pages"}],"about":[{"href":"https:\/\/hotelsimsek.com.tr\/en\/wp-json\/wp\/v2\/types\/page"}],"author":[{"embeddable":true,"href":"https:\/\/hotelsimsek.com.tr\/en\/wp-json\/wp\/v2\/users\/1"}],"replies":[{"embeddable":true,"href":"https:\/\/hotelsimsek.com.tr\/en\/wp-json\/wp\/v2\/comments?post=351"}],"version-history":[{"count":3,"href":"https:\/\/hotelsimsek.com.tr\/en\/wp-json\/wp\/v2\/pages\/351\/revisions"}],"predecessor-version":[{"id":355,"href":"https:\/\/hotelsimsek.com.tr\/en\/wp-json\/wp\/v2\/pages\/351\/revisions\/355"}],"wp:attachment":[{"href":"https:\/\/hotelsimsek.com.tr\/en\/wp-json\/wp\/v2\/media?parent=351"}],"curies":[{"name":"wp","href":"https:\/\/api.w.org\/{rel}","templated":true}]}}